{"id":2235,"date":"2021-09-13T04:37:46","date_gmt":"2021-09-13T04:37:46","guid":{"rendered":"https:\/\/www.tclegalconsultores.com\/?page_id=2235"},"modified":"2022-05-25T20:15:37","modified_gmt":"2022-05-25T20:15:37","slug":"contacto","status":"publish","type":"page","link":"https:\/\/www.tclegalconsultores.com\/?page_id=2235","title":{"rendered":"Contacto"},"content":{"rendered":"\t\t<div data-elementor-type=\"wp-page\" data-elementor-id=\"2235\" class=\"elementor elementor-2235\">\n\t\t\t\t\t\t<section class=\"elementor-section elementor-top-section elementor-element elementor-element-7baf5ae6 elementor-section-height-min-height elementor-section-full_width elementor-section-stretched elementor-section-height-default elementor-section-items-middle\" data-id=\"7baf5ae6\" data-element_type=\"section\" data-e-type=\"section\" data-settings=\"{&quot;background_background&quot;:&quot;classic&quot;,&quot;shape_divider_bottom&quot;:&quot;arrow&quot;,&quot;shape_divider_bottom_negative&quot;:&quot;yes&quot;,&quot;stretch_section&quot;:&quot;section-stretched&quot;}\">\n\t\t\t\t\t\t\t<div class=\"elementor-background-overlay\"><\/div>\n\t\t\t\t\t\t<div class=\"elementor-shape elementor-shape-bottom\" aria-hidden=\"true\" data-negative=\"true\">\n\t\t\t<svg xmlns=\"http:\/\/www.w3.org\/2000\/svg\" viewBox=\"0 0 700 10\" preserveAspectRatio=\"none\">\n\t<path class=\"elementor-shape-fill\" d=\"M360 0L350 9.9 340 0 0 0 0 10 700 10 700 0\"\/>\n<\/svg>\t\t<\/div>\n\t\t\t\t\t<div class=\"elementor-container elementor-column-gap-default\">\n\t\t\t\t\t<div class=\"elementor-column elementor-col-100 elementor-top-column elementor-element elementor-element-4bcd6b67\" data-id=\"4bcd6b67\" data-element_type=\"column\" data-e-type=\"column\">\n\t\t\t<div class=\"elementor-widget-wrap elementor-element-populated\">\n\t\t\t\t\t\t<div class=\"elementor-element elementor-element-bb44bb0 elementor-widget elementor-widget-heading\" data-id=\"bb44bb0\" data-element_type=\"widget\" data-e-type=\"widget\" data-widget_type=\"heading.default\">\n\t\t\t\t<div class=\"elementor-widget-container\">\n\t\t\t\t\t<h2 class=\"elementor-heading-title elementor-size-default\">CONT\u00c1CTANOS<\/h2>\t\t\t\t<\/div>\n\t\t\t\t<\/div>\n\t\t\t\t\t<\/div>\n\t\t<\/div>\n\t\t\t\t\t<\/div>\n\t\t<\/section>\n\t\t\t\t<section class=\"elementor-section elementor-top-section elementor-element elementor-element-e625734 elementor-section-full_width elementor-section-height-default elementor-section-height-default\" data-id=\"e625734\" data-element_type=\"section\" data-e-type=\"section\">\n\t\t\t\t\t\t<div class=\"elementor-container elementor-column-gap-default\">\n\t\t\t\t\t<div class=\"elementor-column elementor-col-50 elementor-top-column elementor-element elementor-element-a6a3a53\" data-id=\"a6a3a53\" data-element_type=\"column\" data-e-type=\"column\">\n\t\t\t<div class=\"elementor-widget-wrap elementor-element-populated\">\n\t\t\t\t\t\t<div class=\"elementor-element elementor-element-88e1b70 elementor-icon-list--layout-traditional elementor-list-item-link-full_width elementor-widget elementor-widget-icon-list\" data-id=\"88e1b70\" data-element_type=\"widget\" data-e-type=\"widget\" data-widget_type=\"icon-list.default\">\n\t\t\t\t<div class=\"elementor-widget-container\">\n\t\t\t\t\t\t\t<ul class=\"elementor-icon-list-items\">\n\t\t\t\t\t\t\t<li class=\"elementor-icon-list-item\">\n\t\t\t\t\t\t\t\t\t\t\t<span class=\"elementor-icon-list-icon\">\n\t\t\t\t\t\t\t<i aria-hidden=\"true\" class=\"fas fa-phone-alt\"><\/i>\t\t\t\t\t\t<\/span>\n\t\t\t\t\t\t\t\t\t\t<span class=\"elementor-icon-list-text\">3167054232<\/span>\n\t\t\t\t\t\t\t\t\t<\/li>\n\t\t\t\t\t\t\t\t<li class=\"elementor-icon-list-item\">\n\t\t\t\t\t\t\t\t\t\t\t<span class=\"elementor-icon-list-icon\">\n\t\t\t\t\t\t\t<i aria-hidden=\"true\" class=\"fas fa-mail-bulk\"><\/i>\t\t\t\t\t\t<\/span>\n\t\t\t\t\t\t\t\t\t\t<span class=\"elementor-icon-list-text\">contacto@tclegalconsultores.com<\/span>\n\t\t\t\t\t\t\t\t\t<\/li>\n\t\t\t\t\t\t\t\t<li class=\"elementor-icon-list-item\">\n\t\t\t\t\t\t\t\t\t\t\t<span class=\"elementor-icon-list-icon\">\n\t\t\t\t\t\t\t<i aria-hidden=\"true\" class=\"far fa-clock\"><\/i>\t\t\t\t\t\t<\/span>\n\t\t\t\t\t\t\t\t\t\t<span class=\"elementor-icon-list-text\">Horario de atenci\u00f3n<\/span>\n\t\t\t\t\t\t\t\t\t<\/li>\n\t\t\t\t\t\t<\/ul>\n\t\t\t\t\t\t<\/div>\n\t\t\t\t<\/div>\n\t\t\t\t<div class=\"elementor-element elementor-element-f4309e4 elementor-widget elementor-widget-text-editor\" data-id=\"f4309e4\" data-element_type=\"widget\" data-e-type=\"widget\" data-widget_type=\"text-editor.default\">\n\t\t\t\t<div class=\"elementor-widget-container\">\n\t\t\t\t\t\t\t\t\t<p>Lunes a viernes: 7:00 am a 6:00 pm<\/p>\n<p>S\u00e1bados: 8:00 am &#8211; 4:00pm<\/p>\t\t\t\t\t\t\t\t<\/div>\n\t\t\t\t<\/div>\n\t\t\t\t\t<\/div>\n\t\t<\/div>\n\t\t\t\t<div class=\"elementor-column elementor-col-50 elementor-top-column elementor-element elementor-element-85cde78\" data-id=\"85cde78\" data-element_type=\"column\" data-e-type=\"column\">\n\t\t\t<div class=\"elementor-widget-wrap elementor-element-populated\">\n\t\t\t\t\t\t<div class=\"elementor-element elementor-element-9514f76 elementor-widget elementor-widget-image\" data-id=\"9514f76\" data-element_type=\"widget\" data-e-type=\"widget\" data-widget_type=\"image.default\">\n\t\t\t\t<div class=\"elementor-widget-container\">\n\t\t\t\t\t\t\t\t\t\t\t\t\t\t\t<img fetchpriority=\"high\" decoding=\"async\" width=\"768\" height=\"511\" src=\"https:\/\/www.tclegalconsultores.com\/wp-content\/uploads\/2021\/09\/Copia-de-Azul-Oscuro-Icono-de-Lapices-Creativo-Fondo-de-Pantalla-de-Escritorio-768x511.jpg\" class=\"attachment-medium_large size-medium_large wp-image-2186\" alt=\"\" srcset=\"https:\/\/www.tclegalconsultores.com\/wp-content\/uploads\/2021\/09\/Copia-de-Azul-Oscuro-Icono-de-Lapices-Creativo-Fondo-de-Pantalla-de-Escritorio-768x511.jpg 768w, https:\/\/www.tclegalconsultores.com\/wp-content\/uploads\/2021\/09\/Copia-de-Azul-Oscuro-Icono-de-Lapices-Creativo-Fondo-de-Pantalla-de-Escritorio-300x200.jpg 300w, https:\/\/www.tclegalconsultores.com\/wp-content\/uploads\/2021\/09\/Copia-de-Azul-Oscuro-Icono-de-Lapices-Creativo-Fondo-de-Pantalla-de-Escritorio-1024x681.jpg 1024w, https:\/\/www.tclegalconsultores.com\/wp-content\/uploads\/2021\/09\/Copia-de-Azul-Oscuro-Icono-de-Lapices-Creativo-Fondo-de-Pantalla-de-Escritorio-1536x1022.jpg 1536w, https:\/\/www.tclegalconsultores.com\/wp-content\/uploads\/2021\/09\/Copia-de-Azul-Oscuro-Icono-de-Lapices-Creativo-Fondo-de-Pantalla-de-Escritorio.jpg 1700w\" sizes=\"(max-width: 768px) 100vw, 768px\" \/>\t\t\t\t\t\t\t\t\t\t\t\t\t\t\t<\/div>\n\t\t\t\t<\/div>\n\t\t\t\t\t<\/div>\n\t\t<\/div>\n\t\t\t\t\t<\/div>\n\t\t<\/section>\n\t\t\t\t<section class=\"elementor-section elementor-top-section elementor-element elementor-element-ed97820 elementor-section-boxed elementor-section-height-default elementor-section-height-default\" data-id=\"ed97820\" data-element_type=\"section\" data-e-type=\"section\">\n\t\t\t\t\t\t<div class=\"elementor-container elementor-column-gap-default\">\n\t\t\t\t\t<div class=\"elementor-column elementor-col-100 elementor-top-column elementor-element elementor-element-3e2f30de\" data-id=\"3e2f30de\" data-element_type=\"column\" data-e-type=\"column\">\n\t\t\t<div class=\"elementor-widget-wrap elementor-element-populated\">\n\t\t\t\t\t\t<div class=\"elementor-element elementor-element-438180c0 elementor-widget elementor-widget-text-editor\" data-id=\"438180c0\" data-element_type=\"widget\" data-e-type=\"widget\" data-widget_type=\"text-editor.default\">\n\t\t\t\t<div class=\"elementor-widget-container\">\n\t\t\t\t\t\t\t\t\t<div class=\"wpcf7 no-js\" id=\"wpcf7-f2207-o1\" lang=\"es-ES\" dir=\"ltr\" data-wpcf7-id=\"2207\">\n<div class=\"screen-reader-response\">\n<p role=\"status\" aria-live=\"polite\" aria-atomic=\"true\">\n<ul><\/ul>\n<\/div>\n<form action=\"\/index.php?rest_route=%2Fwp%2Fv2%2Fpages%2F2235#wpcf7-f2207-o1\" method=\"post\" class=\"wpcf7-form init\" aria-label=\"Formulario de contacto\" novalidate=\"novalidate\" data-status=\"init\">\n<fieldset class=\"hidden-fields-container\"><input type=\"hidden\" name=\"_wpcf7\" value=\"2207\" \/><input type=\"hidden\" name=\"_wpcf7_version\" value=\"6.1.5\" \/><input type=\"hidden\" name=\"_wpcf7_locale\" value=\"es_ES\" \/><input type=\"hidden\" name=\"_wpcf7_unit_tag\" value=\"wpcf7-f2207-o1\" \/><input type=\"hidden\" name=\"_wpcf7_container_post\" value=\"0\" \/><input type=\"hidden\" name=\"_wpcf7_posted_data_hash\" value=\"\" \/><br \/>\n<\/fieldset>\n<p><label> Tu nombre<br \/>\n<span class=\"wpcf7-form-control-wrap\" data-name=\"your-name\"><input size=\"40\" maxlength=\"400\" class=\"wpcf7-form-control wpcf7-text wpcf7-validates-as-required\" aria-required=\"true\" aria-invalid=\"false\" value=\"\" type=\"text\" name=\"your-name\" \/><\/span> <\/label>\n<\/p>\n<p><label> Tu correo electr\u00f3nico<br \/>\n<span class=\"wpcf7-form-control-wrap\" data-name=\"your-email\"><input size=\"40\" maxlength=\"400\" class=\"wpcf7-form-control wpcf7-email wpcf7-validates-as-required wpcf7-text wpcf7-validates-as-email\" aria-required=\"true\" aria-invalid=\"false\" value=\"\" type=\"email\" name=\"your-email\" \/><\/span> <\/label>\n<\/p>\n<p><label> Asunto<br \/>\n<span class=\"wpcf7-form-control-wrap\" data-name=\"your-subject\"><input size=\"40\" maxlength=\"400\" class=\"wpcf7-form-control wpcf7-text wpcf7-validates-as-required\" aria-required=\"true\" aria-invalid=\"false\" value=\"\" type=\"text\" name=\"your-subject\" \/><\/span> <\/label>\n<\/p>\n<p><label> Celular<br \/>\n<span class=\"wpcf7-form-control-wrap\" data-name=\"telefono\"><input size=\"40\" maxlength=\"400\" class=\"wpcf7-form-control wpcf7-tel wpcf7-text wpcf7-validates-as-tel\" aria-invalid=\"false\" value=\"\" type=\"tel\" name=\"telefono\" \/><\/span> <\/label>\n<\/p>\n<p><label> Tu mensaje (opcional)<br \/>\n<span class=\"wpcf7-form-control-wrap\" data-name=\"your-message\"><textarea cols=\"40\" rows=\"10\" maxlength=\"2000\" class=\"wpcf7-form-control wpcf7-textarea\" aria-invalid=\"false\" name=\"your-message\"><\/textarea><\/span> <\/label>\n<\/p>\n<p><input class=\"wpcf7-form-control wpcf7-submit has-spinner\" type=\"submit\" value=\"Enviar\" \/>\n<\/p>\n<p style=\"display: none !important;\" class=\"akismet-fields-container\" data-prefix=\"_wpcf7_ak_\"><label>&#916;<textarea name=\"_wpcf7_ak_hp_textarea\" cols=\"45\" rows=\"8\" maxlength=\"100\"><\/textarea><\/label><input type=\"hidden\" id=\"ak_js_1\" name=\"_wpcf7_ak_js\" value=\"102\"\/><script>document.getElementById( \"ak_js_1\" ).setAttribute( \"value\", ( new Date() ).getTime() );<\/script><\/p>\n<div class=\"wpcf7-response-output\" aria-hidden=\"true\"><\/div>\n<\/form>\n<\/div>\n\t\t\t\t\t\t\t\t<\/div>\n\t\t\t\t<\/div>\n\t\t\t\t\t<\/div>\n\t\t<\/div>\n\t\t\t\t\t<\/div>\n\t\t<\/section>\n\t\t\t\t<section class=\"elementor-section elementor-top-section elementor-element elementor-element-63b8210 elementor-section-boxed elementor-section-height-default elementor-section-height-default\" data-id=\"63b8210\" data-element_type=\"section\" data-e-type=\"section\">\n\t\t\t\t\t\t<div class=\"elementor-container elementor-column-gap-default\">\n\t\t\t\t\t<div class=\"elementor-column elementor-col-100 elementor-top-column elementor-element elementor-element-fc4de76\" data-id=\"fc4de76\" data-element_type=\"column\" data-e-type=\"column\">\n\t\t\t<div class=\"elementor-widget-wrap elementor-element-populated\">\n\t\t\t\t\t\t<div class=\"elementor-element elementor-element-75e4e49 elementor-widget elementor-widget-text-editor\" data-id=\"75e4e49\" data-element_type=\"widget\" data-e-type=\"widget\" data-widget_type=\"text-editor.default\">\n\t\t\t\t<div class=\"elementor-widget-container\">\n\t\t\t\t\t\t\t\t\t<p style=\"text-align: center;\"><strong>TRATAMIENTO DE DATOS PERSONALES<\/strong><\/p>\n<p><strong>\u00a0<\/strong><\/p>\n<p>TC Legal Consultores, en cumplimiento de la normativa frente a datos personales, acogiendo y dando cumplimiento a lo dispuesto en la ley 1581 de 2012 y el Decreto Reglamentario 1377 de 2013 y lo consignado en el art\u00edculo 15 de nuestra Constituci\u00f3n Pol\u00edtica, adopta y aplica la presente Pol\u00edtica para el tratamiento de los datos personales. De este modo, TC Legal Consultores, se compromete en garantizar la intimidad, a la privacidad, a la no divulgaci\u00f3n, a la no circulaci\u00f3n, a la no comercializaci\u00f3n ante terceros informaci\u00f3n que contenga datos personales, garantizando el derecho al buen nombre de las personas, durante el tratamiento de datos personales, en todas las actividades que realice la firma, para ello har\u00e1 uso de los principios de confidencialidad, seguridad, legalidad, acceso, libertad y transparencia de los datos aqu\u00ed suministrados. La finalidad de la Pol\u00edtica de Protecci\u00f3n de Datos Personales busca que nuestro cliente acepte que TC Legal Consultores lo contacte por diferentes medios como tel\u00e9fono fijo, tel\u00e9fono celular, mensajes de texto a su celular, correo electr\u00f3nico y redes sociales, para ofrecerle informaci\u00f3n y beneficios de nuestros servicios jur\u00eddicos. Por otro lado, en virtud del art\u00edculo 8 de la ley 1581 de 2013, el titular de la informaci\u00f3n personal que es recopilada en este formulario, tiene los siguientes derechos:<\/p>\n<ul>\n<li>Conocer, actualizar, rectificar y suprimir los datos suministrados;<\/li>\n<li>Conocer los usos que se han hecho de la informaci\u00f3n suministrada, cuando as\u00ed lo solicite el titular;<\/li>\n<li>Revocar la autorizaci\u00f3n y\/o solicitar la supresi\u00f3n del dato suministrado cuando en el Tratamiento realizado no se respeten los principios, derechos y garant\u00edas constitucionales y legales a favor del titular;<\/li>\n<li>Acceder en forma gratuita a sus datos personales que hayan sido objeto de Tratamiento. El titular de la informaci\u00f3n suministrada, podr\u00e1 ejercer cualquiera de los derechos antes mencionados radicando un derecho de petici\u00f3n al correo electr\u00f3nico: <a href=\"mailto:tclegalconsultores@gmail.com\">tclegalconsultores@gmail.com<\/a>, <a href=\"mailto:tclegalconsultores@outlook.com\">tclegalconsultores@outlook.com<\/a> , luego de recibida la solicitud se le dar\u00e1 tr\u00e1mite conforme a los t\u00e9rminos que establece la Ley.<\/li>\n<\/ul>\t\t\t\t\t\t\t\t<\/div>\n\t\t\t\t<\/div>\n\t\t\t\t\t<\/div>\n\t\t<\/div>\n\t\t\t\t\t<\/div>\n\t\t<\/section>\n\t\t\t\t<\/div>\n\t\t","protected":false},"excerpt":{"rendered":"<p>CONT\u00c1CTANOS 3167054232 contacto@tclegalconsultores.com Horario de atenci\u00f3n Lunes a viernes: 7:00 am a 6:00 pm S\u00e1bados: 8:00 am &#8211; 4:00pm TRATAMIENTO DE DATOS PERSONALES \u00a0 TC Legal Consultores, en cumplimiento de la normativa frente a datos personales, acogiendo y dando cumplimiento a lo dispuesto en la ley 1581 de 2012 y el Decreto Reglamentario 1377 de [&hellip;]<\/p>\n","protected":false},"author":1,"featured_media":0,"parent":0,"menu_order":0,"comment_status":"closed","ping_status":"closed","template":"","meta":{"site-sidebar-layout":"default","site-content-layout":"default","ast-site-content-layout":"","site-content-style":"default","site-sidebar-style":"default","ast-global-header-display":"","ast-banner-title-visibility":"","ast-main-header-display":"","ast-hfb-above-header-display":"","ast-hfb-below-header-display":"","ast-hfb-mobile-header-display":"","site-post-title":"disabled","ast-breadcrumbs-content":"","ast-featured-img":"","footer-sml-layout":"","theme-transparent-header-meta":"default","adv-header-id-meta":"","stick-header-meta":"","header-above-stick-meta":"","header-main-stick-meta":"","header-below-stick-meta":"","astra-migrate-meta-layouts":"default","ast-page-background-enabled":"default","ast-page-background-meta":{"desktop":{"background-color":"","background-image":"","background-repeat":"repeat","background-position":"center center","background-size":"auto","background-attachment":"scroll","background-type":"","background-media":"","overlay-type":"","overlay-color":"","overlay-opacity":"","overlay-gradient":""},"tablet":{"background-color":"","background-image":"","background-repeat":"repeat","background-position":"center center","background-size":"auto","background-attachment":"scroll","background-type":"","background-media":"","overlay-type":"","overlay-color":"","overlay-opacity":"","overlay-gradient":""},"mobile":{"background-color":"","background-image":"","background-repeat":"repeat","background-position":"center center","background-size":"auto","background-attachment":"scroll","background-type":"","background-media":"","overlay-type":"","overlay-color":"","overlay-opacity":"","overlay-gradient":""}},"ast-content-background-meta":{"desktop":{"background-color":"var(--ast-global-color-5)","background-image":"","background-repeat":"repeat","background-position":"center center","background-size":"auto","background-attachment":"scroll","background-type":"","background-media":"","overlay-type":"","overlay-color":"","overlay-opacity":"","overlay-gradient":""},"tablet":{"background-color":"var(--ast-global-color-5)","background-image":"","background-repeat":"repeat","background-position":"center center","background-size":"auto","background-attachment":"scroll","background-type":"","background-media":"","overlay-type":"","overlay-color":"","overlay-opacity":"","overlay-gradient":""},"mobile":{"background-color":"var(--ast-global-color-5)","background-image":"","background-repeat":"repeat","background-position":"center center","background-size":"auto","background-attachment":"scroll","background-type":"","background-media":"","overlay-type":"","overlay-color":"","overlay-opacity":"","overlay-gradient":""}},"footnotes":""},"class_list":["post-2235","page","type-page","status-publish","hentry"],"_links":{"self":[{"href":"https:\/\/www.tclegalconsultores.com\/index.php?rest_route=\/wp\/v2\/pages\/2235","targetHints":{"allow":["GET"]}}],"collection":[{"href":"https:\/\/www.tclegalconsultores.com\/index.php?rest_route=\/wp\/v2\/pages"}],"about":[{"href":"https:\/\/www.tclegalconsultores.com\/index.php?rest_route=\/wp\/v2\/types\/page"}],"author":[{"embeddable":true,"href":"https:\/\/www.tclegalconsultores.com\/index.php?rest_route=\/wp\/v2\/users\/1"}],"replies":[{"embeddable":true,"href":"https:\/\/www.tclegalconsultores.com\/index.php?rest_route=%2Fwp%2Fv2%2Fcomments&post=2235"}],"version-history":[{"count":37,"href":"https:\/\/www.tclegalconsultores.com\/index.php?rest_route=\/wp\/v2\/pages\/2235\/revisions"}],"predecessor-version":[{"id":2840,"href":"https:\/\/www.tclegalconsultores.com\/index.php?rest_route=\/wp\/v2\/pages\/2235\/revisions\/2840"}],"wp:attachment":[{"href":"https:\/\/www.tclegalconsultores.com\/index.php?rest_route=%2Fwp%2Fv2%2Fmedia&parent=2235"}],"curies":[{"name":"wp","href":"https:\/\/api.w.org\/{rel}","templated":true}]}}