{"id":1733,"date":"2021-09-10T21:20:20","date_gmt":"2021-09-10T21:20:20","guid":{"rendered":"https:\/\/www.tclegalconsultores.com\/?page_id=1733"},"modified":"2021-09-14T23:40:35","modified_gmt":"2021-09-14T23:40:35","slug":"servicios-para-empresas","status":"publish","type":"page","link":"https:\/\/www.tclegalconsultores.com\/?page_id=1733","title":{"rendered":"Empresas"},"content":{"rendered":"\t\t<div data-elementor-type=\"wp-page\" data-elementor-id=\"1733\" class=\"elementor elementor-1733\">\n\t\t\t\t\t\t<section class=\"elementor-section elementor-top-section elementor-element elementor-element-4e7b8e98 elementor-section-height-min-height elementor-section-full_width elementor-section-stretched elementor-section-height-default elementor-section-items-middle\" data-id=\"4e7b8e98\" data-element_type=\"section\" data-e-type=\"section\" data-settings=\"{&quot;background_background&quot;:&quot;classic&quot;,&quot;shape_divider_bottom&quot;:&quot;arrow&quot;,&quot;shape_divider_bottom_negative&quot;:&quot;yes&quot;,&quot;stretch_section&quot;:&quot;section-stretched&quot;}\">\n\t\t\t\t\t\t\t<div class=\"elementor-background-overlay\"><\/div>\n\t\t\t\t\t\t<div class=\"elementor-shape elementor-shape-bottom\" aria-hidden=\"true\" data-negative=\"true\">\n\t\t\t<svg xmlns=\"http:\/\/www.w3.org\/2000\/svg\" viewBox=\"0 0 700 10\" preserveAspectRatio=\"none\">\n\t<path class=\"elementor-shape-fill\" d=\"M360 0L350 9.9 340 0 0 0 0 10 700 10 700 0\"\/>\n<\/svg>\t\t<\/div>\n\t\t\t\t\t<div class=\"elementor-container elementor-column-gap-default\">\n\t\t\t\t\t<div class=\"elementor-column elementor-col-100 elementor-top-column elementor-element elementor-element-2fbdabff\" data-id=\"2fbdabff\" data-element_type=\"column\" data-e-type=\"column\">\n\t\t\t<div class=\"elementor-widget-wrap elementor-element-populated\">\n\t\t\t\t\t\t<div class=\"elementor-element elementor-element-30021db elementor-widget elementor-widget-heading\" data-id=\"30021db\" data-element_type=\"widget\" data-e-type=\"widget\" data-widget_type=\"heading.default\">\n\t\t\t\t<div class=\"elementor-widget-container\">\n\t\t\t\t\t<h2 class=\"elementor-heading-title elementor-size-default\">SERVICIOS PARA EMPRESAS<\/h2>\t\t\t\t<\/div>\n\t\t\t\t<\/div>\n\t\t\t\t\t<\/div>\n\t\t<\/div>\n\t\t\t\t\t<\/div>\n\t\t<\/section>\n\t\t\t\t<section class=\"elementor-section elementor-top-section elementor-element elementor-element-f47a8ed elementor-section-boxed elementor-section-height-default elementor-section-height-default\" data-id=\"f47a8ed\" data-element_type=\"section\" data-e-type=\"section\">\n\t\t\t\t\t\t<div class=\"elementor-container elementor-column-gap-default\">\n\t\t\t\t\t<div class=\"elementor-column elementor-col-100 elementor-top-column elementor-element elementor-element-6633959\" data-id=\"6633959\" data-element_type=\"column\" data-e-type=\"column\">\n\t\t\t<div class=\"elementor-widget-wrap elementor-element-populated\">\n\t\t\t\t\t\t<div class=\"elementor-element elementor-element-a3d9c4a elementor-widget elementor-widget-text-editor\" data-id=\"a3d9c4a\" data-element_type=\"widget\" data-e-type=\"widget\" data-widget_type=\"text-editor.default\">\n\t\t\t\t<div class=\"elementor-widget-container\">\n\t\t\t\t\t\t\t\t\t<p style=\"text-align: center;\">DERECHO LABORAL<\/p>\t\t\t\t\t\t\t\t<\/div>\n\t\t\t\t<\/div>\n\t\t\t\t<div class=\"elementor-element elementor-element-581aaac5 elementor-widget elementor-widget-text-editor\" data-id=\"581aaac5\" data-element_type=\"widget\" data-e-type=\"widget\" data-widget_type=\"text-editor.default\">\n\t\t\t\t<div class=\"elementor-widget-container\">\n\t\t\t\t\t\t\t\t\t<p style=\"text-align: left;\">1.\u00a0\u00a0\u00a0 Elaboraci\u00f3n de contratos laborales.<\/p><p style=\"text-align: left;\">2.\u00a0\u00a0\u00a0 Contrataci\u00f3n de personal y tercerizaci\u00f3n.<\/p><p style=\"text-align: left;\">3.\u00a0\u00a0\u00a0 Revisi\u00f3n y administraci\u00f3n estrat\u00e9gica de salarios.<\/p><p style=\"text-align: left;\">4.\u00a0\u00a0\u00a0 Revisi\u00f3n de la jornada laboral y turnos de la empresa.<\/p><p style=\"text-align: left;\">5.\u00a0\u00a0\u00a0 Manejo del personal con fuero y personal discapacitado.<\/p><p style=\"text-align: left;\">6.\u00a0\u00a0\u00a0 Elaboraci\u00f3n y revisi\u00f3n de Reglamento Interno de Trabajo y c\u00f3digos de conducta.<\/p><p style=\"text-align: left;\">7.\u00a0\u00a0\u00a0 Solicitudes para autorizaci\u00f3n de jornadas laborales.<\/p><p style=\"text-align: left;\">8.\u00a0\u00a0\u00a0 Asesor\u00eda para la prevenci\u00f3n del acoso laboral.<\/p><p style=\"text-align: left;\">9.\u00a0\u00a0\u00a0 Terminaci\u00f3n de contratos laborales.<\/p><p style=\"text-align: left;\">10. Revisi\u00f3n y liquidaci\u00f3n de contratos laborales<\/p><p style=\"text-align: left;\">11. Regulaci\u00f3n de cuota de aprendices y manejo de aprendices.<\/p><p style=\"text-align: left;\">12. Manejo de recomendaciones m\u00e9dicas, incapacidades m\u00e9dicas, recobro y reintegro laboral.<\/p>\t\t\t\t\t\t\t\t<\/div>\n\t\t\t\t<\/div>\n\t\t\t\t\t<\/div>\n\t\t<\/div>\n\t\t\t\t\t<\/div>\n\t\t<\/section>\n\t\t\t\t<section class=\"elementor-section elementor-top-section elementor-element elementor-element-45443f07 elementor-section-full_width elementor-section-stretched elementor-section-height-default elementor-section-height-default\" data-id=\"45443f07\" data-element_type=\"section\" data-e-type=\"section\" data-settings=\"{&quot;background_background&quot;:&quot;classic&quot;,&quot;stretch_section&quot;:&quot;section-stretched&quot;}\">\n\t\t\t\t\t\t\t<div class=\"elementor-background-overlay\"><\/div>\n\t\t\t\t\t\t\t<div class=\"elementor-container elementor-column-gap-default\">\n\t\t\t\t\t<div class=\"elementor-column elementor-col-100 elementor-top-column elementor-element elementor-element-3a024eed\" data-id=\"3a024eed\" data-element_type=\"column\" data-e-type=\"column\" data-settings=\"{&quot;background_background&quot;:&quot;classic&quot;}\">\n\t\t\t<div class=\"elementor-widget-wrap elementor-element-populated\">\n\t\t\t\t\t<div class=\"elementor-background-overlay\"><\/div>\n\t\t\t\t\t\t<section class=\"elementor-section elementor-inner-section elementor-element elementor-element-42c3bc2e elementor-section-boxed elementor-section-height-default elementor-section-height-default\" data-id=\"42c3bc2e\" data-element_type=\"section\" data-e-type=\"section\" data-settings=\"{&quot;background_background&quot;:&quot;gradient&quot;}\">\n\t\t\t\t\t\t<div class=\"elementor-container elementor-column-gap-no\">\n\t\t\t\t\t<div class=\"elementor-column elementor-col-100 elementor-inner-column elementor-element elementor-element-1e3232db\" data-id=\"1e3232db\" data-element_type=\"column\" data-e-type=\"column\" data-settings=\"{&quot;background_background&quot;:&quot;classic&quot;}\">\n\t\t\t<div class=\"elementor-widget-wrap elementor-element-populated\">\n\t\t\t\t\t\t<div class=\"elementor-element elementor-element-98a752e elementor-widget elementor-widget-heading\" data-id=\"98a752e\" data-element_type=\"widget\" data-e-type=\"widget\" data-widget_type=\"heading.default\">\n\t\t\t\t<div class=\"elementor-widget-container\">\n\t\t\t\t\t<h3 class=\"elementor-heading-title elementor-size-large\">DERECHO CORPORATIVO<\/h3>\t\t\t\t<\/div>\n\t\t\t\t<\/div>\n\t\t\t\t<div class=\"elementor-element elementor-element-87d01d2 elementor-widget elementor-widget-text-editor\" data-id=\"87d01d2\" data-element_type=\"widget\" data-e-type=\"widget\" data-widget_type=\"text-editor.default\">\n\t\t\t\t<div class=\"elementor-widget-container\">\n\t\t\t\t\t\t\t\t\t<ol><li>Constituci\u00f3n de sociedades comerciales.<\/li><li>Reformas estatutarias.<\/li><li>Asesor\u00eda y capacitaci\u00f3n para la protecci\u00f3n del derecho al consumidor<\/li><li>Acuerdos privados de accionistas.<\/li><li>Constituci\u00f3n, venta y cancelaci\u00f3n de establecimientos de comercio.<\/li><li>Constituci\u00f3n de contratos de cuentas en participaci\u00f3n.<\/li><li>Elaboraci\u00f3n de la Pol\u00edtica de Protecci\u00f3n de Datos Personales.<\/li><li>Asesor\u00eda jur\u00eddica para la gesti\u00f3n de la empresa.<\/li><li>Liquidaci\u00f3n de sociedades.<\/li><li>Gesti\u00f3n de cartera.<\/li><\/ol>\t\t\t\t\t\t\t\t<\/div>\n\t\t\t\t<\/div>\n\t\t\t\t\t<\/div>\n\t\t<\/div>\n\t\t\t\t\t<\/div>\n\t\t<\/section>\n\t\t\t\t\t<\/div>\n\t\t<\/div>\n\t\t\t\t\t<\/div>\n\t\t<\/section>\n\t\t\t\t<section class=\"elementor-section elementor-top-section elementor-element elementor-element-d8288bc elementor-section-content-middle elementor-section-full_width elementor-reverse-mobile elementor-section-height-default elementor-section-height-default\" data-id=\"d8288bc\" data-element_type=\"section\" data-e-type=\"section\" data-settings=\"{&quot;background_background&quot;:&quot;none&quot;}\">\n\t\t\t\t\t\t<div class=\"elementor-container elementor-column-gap-no\">\n\t\t\t\t\t<div class=\"elementor-column elementor-col-50 elementor-top-column elementor-element elementor-element-7a05bb02\" data-id=\"7a05bb02\" data-element_type=\"column\" data-e-type=\"column\" data-settings=\"{&quot;background_background&quot;:&quot;classic&quot;}\">\n\t\t\t<div class=\"elementor-widget-wrap elementor-element-populated\">\n\t\t\t\t\t\t<div class=\"elementor-element elementor-element-f64f47b elementor-widget elementor-widget-heading\" data-id=\"f64f47b\" data-element_type=\"widget\" data-e-type=\"widget\" data-widget_type=\"heading.default\">\n\t\t\t\t<div class=\"elementor-widget-container\">\n\t\t\t\t\t<h2 class=\"elementor-heading-title elementor-size-large\">DERECHO CONTRACTUAL<\/h2>\t\t\t\t<\/div>\n\t\t\t\t<\/div>\n\t\t\t\t<div class=\"elementor-element elementor-element-091b91f elementor-widget elementor-widget-text-editor\" data-id=\"091b91f\" data-element_type=\"widget\" data-e-type=\"widget\" data-widget_type=\"text-editor.default\">\n\t\t\t\t<div class=\"elementor-widget-container\">\n\t\t\t\t\t\t\t\t\t<ol><li>Acompa\u00f1amiento precontractual.<\/li><li>Asesor\u00eda y conceptualizaci\u00f3n frente a la suscripci\u00f3n de contratos que haya realizado su empresa.<\/li><li>Asesor\u00eda integral en compraventas.<\/li><li>Elaboraci\u00f3n de minutas especiales<\/li><li>Elaboraci\u00f3n y revisi\u00f3n de contratos Civiles y comerciales.<\/li><li>Estudio de t\u00edtulos de propiedad.<\/li><li>Administraci\u00f3n de Inmuebles.<\/li><li>Tr\u00e1mites notariales y de registro.<\/li><li>Constituci\u00f3n y levantamiento de grav\u00e1menes:<ol><li>Usufructos, fideicomiso Civil.<\/li><li>Patrimonio de familia y afectaci\u00f3n a vivienda familiar.<\/li><li>Afectaci\u00f3n a vivienda familiar.<\/li><li>Garant\u00edas mobiliarias.<\/li><\/ol><\/li><li>Resoluci\u00f3n de contratos<\/li><\/ol>\t\t\t\t\t\t\t\t<\/div>\n\t\t\t\t<\/div>\n\t\t\t\t\t<\/div>\n\t\t<\/div>\n\t\t\t\t<div class=\"elementor-column elementor-col-50 elementor-top-column elementor-element elementor-element-73b7cc34\" data-id=\"73b7cc34\" data-element_type=\"column\" data-e-type=\"column\" data-settings=\"{&quot;background_background&quot;:&quot;classic&quot;}\">\n\t\t\t<div class=\"elementor-widget-wrap elementor-element-populated\">\n\t\t\t\t\t<div class=\"elementor-background-overlay\"><\/div>\n\t\t\t\t\t\t<div class=\"elementor-element elementor-element-163499ac elementor-widget elementor-widget-spacer\" data-id=\"163499ac\" data-element_type=\"widget\" data-e-type=\"widget\" data-widget_type=\"spacer.default\">\n\t\t\t\t<div class=\"elementor-widget-container\">\n\t\t\t\t\t\t\t<div class=\"elementor-spacer\">\n\t\t\t<div class=\"elementor-spacer-inner\"><\/div>\n\t\t<\/div>\n\t\t\t\t\t\t<\/div>\n\t\t\t\t<\/div>\n\t\t\t\t\t<\/div>\n\t\t<\/div>\n\t\t\t\t\t<\/div>\n\t\t<\/section>\n\t\t\t\t<section class=\"elementor-section elementor-top-section elementor-element elementor-element-2bde271 elementor-section-full_width elementor-section-height-default elementor-section-height-default\" data-id=\"2bde271\" data-element_type=\"section\" data-e-type=\"section\" data-settings=\"{&quot;background_background&quot;:&quot;classic&quot;}\">\n\t\t\t\t\t\t<div class=\"elementor-container elementor-column-gap-default\">\n\t\t\t\t\t<div class=\"elementor-column elementor-col-100 elementor-top-column elementor-element elementor-element-ade678a\" data-id=\"ade678a\" data-element_type=\"column\" data-e-type=\"column\" data-settings=\"{&quot;background_background&quot;:&quot;classic&quot;}\">\n\t\t\t<div class=\"elementor-widget-wrap elementor-element-populated\">\n\t\t\t\t\t\t<div class=\"elementor-element elementor-element-27100d0 elementor-widget elementor-widget-heading\" data-id=\"27100d0\" data-element_type=\"widget\" data-e-type=\"widget\" data-widget_type=\"heading.default\">\n\t\t\t\t<div class=\"elementor-widget-container\">\n\t\t\t\t\t<h2 class=\"elementor-heading-title elementor-size-default\">RESOLUCI\u00d3N DE CONFLICTOS<\/h2>\t\t\t\t<\/div>\n\t\t\t\t<\/div>\n\t\t\t\t<div class=\"elementor-element elementor-element-9e66622 elementor-widget elementor-widget-text-editor\" data-id=\"9e66622\" data-element_type=\"widget\" data-e-type=\"widget\" data-widget_type=\"text-editor.default\">\n\t\t\t\t<div class=\"elementor-widget-container\">\n\t\t\t\t\t\t\t\t\t<p style=\"text-align: center;\"><strong>REPRESENTACI\u00d3N ANTE ENTIDADES ADMINISTRATIVAS Y PRIVADAS<\/strong><\/p><ol><li>Representaci\u00f3n en procesos disciplinarios.<\/li><li>Representaci\u00f3n ante el Ministerio del Trabajo.<\/li><li>Representaci\u00f3n ante Superintendencias.<\/li><li>Centros de conciliaci\u00f3n.<\/li><li>Reclamaciones por accidentes de tr\u00e1nsito ante particulares y aseguradoras.<\/li><li>Reclamaciones ante aseguradoras por contratos de seguro.<\/li><li>Tramites de englobes y desenglobes de inmuebles.<\/li><li>Tramites de licencias de construcci\u00f3n y urbanismo ante curadur\u00edas.<\/li><li>Litigio y arbitraje.<\/li><\/ol><p style=\"text-align: center;\"><strong>REPRESENTACI\u00d3N JUDICIAL<\/strong><\/p><ol><li>Representaci\u00f3n para la defensa frente acciones de tutela en contra de la empresa.<\/li><li>Representaci\u00f3n judicial en litigios civiles, comerciales y laborales.<\/li><li style=\"list-style-type: none;\">\u00a0<\/li><\/ol>\t\t\t\t\t\t\t\t<\/div>\n\t\t\t\t<\/div>\n\t\t\t\t\t<\/div>\n\t\t<\/div>\n\t\t\t\t\t<\/div>\n\t\t<\/section>\n\t\t\t\t<\/div>\n\t\t","protected":false},"excerpt":{"rendered":"<p>SERVICIOS PARA EMPRESAS DERECHO LABORAL 1.\u00a0\u00a0\u00a0 Elaboraci\u00f3n de contratos laborales. 2.\u00a0\u00a0\u00a0 Contrataci\u00f3n de personal y tercerizaci\u00f3n. 3.\u00a0\u00a0\u00a0 Revisi\u00f3n y administraci\u00f3n estrat\u00e9gica de salarios. 4.\u00a0\u00a0\u00a0 Revisi\u00f3n de la jornada laboral y turnos de la empresa. 5.\u00a0\u00a0\u00a0 Manejo del personal con fuero y personal discapacitado. 6.\u00a0\u00a0\u00a0 Elaboraci\u00f3n y revisi\u00f3n de Reglamento Interno de Trabajo y c\u00f3digos de [&hellip;]<\/p>\n","protected":false},"author":1,"featured_media":0,"parent":0,"menu_order":0,"comment_status":"closed","ping_status":"closed","template":"","meta":{"site-sidebar-layout":"no-sidebar","site-content-layout":"page-builder","ast-site-content-layout":"","site-content-style":"default","site-sidebar-style":"default","ast-global-header-display":"","ast-banner-title-visibility":"","ast-main-header-display":"","ast-hfb-above-header-display":"","ast-hfb-below-header-display":"","ast-hfb-mobile-header-display":"","site-post-title":"disabled","ast-breadcrumbs-content":"","ast-featured-img":"disabled","footer-sml-layout":"","theme-transparent-header-meta":"default","adv-header-id-meta":"","stick-header-meta":"","header-above-stick-meta":"","header-main-stick-meta":"","header-below-stick-meta":"","astra-migrate-meta-layouts":"default","ast-page-background-enabled":"default","ast-page-background-meta":{"desktop":{"background-color":"","background-image":"","background-repeat":"repeat","background-position":"center center","background-size":"auto","background-attachment":"scroll","background-type":"","background-media":"","overlay-type":"","overlay-color":"","overlay-opacity":"","overlay-gradient":""},"tablet":{"background-color":"","background-image":"","background-repeat":"repeat","background-position":"center center","background-size":"auto","background-attachment":"scroll","background-type":"","background-media":"","overlay-type":"","overlay-color":"","overlay-opacity":"","overlay-gradient":""},"mobile":{"background-color":"","background-image":"","background-repeat":"repeat","background-position":"center center","background-size":"auto","background-attachment":"scroll","background-type":"","background-media":"","overlay-type":"","overlay-color":"","overlay-opacity":"","overlay-gradient":""}},"ast-content-background-meta":{"desktop":{"background-color":"var(--ast-global-color-5)","background-image":"","background-repeat":"repeat","background-position":"center center","background-size":"auto","background-attachment":"scroll","background-type":"","background-media":"","overlay-type":"","overlay-color":"","overlay-opacity":"","overlay-gradient":""},"tablet":{"background-color":"var(--ast-global-color-5)","background-image":"","background-repeat":"repeat","background-position":"center center","background-size":"auto","background-attachment":"scroll","background-type":"","background-media":"","overlay-type":"","overlay-color":"","overlay-opacity":"","overlay-gradient":""},"mobile":{"background-color":"var(--ast-global-color-5)","background-image":"","background-repeat":"repeat","background-position":"center center","background-size":"auto","background-attachment":"scroll","background-type":"","background-media":"","overlay-type":"","overlay-color":"","overlay-opacity":"","overlay-gradient":""}},"footnotes":""},"class_list":["post-1733","page","type-page","status-publish","hentry"],"_links":{"self":[{"href":"https:\/\/www.tclegalconsultores.com\/index.php?rest_route=\/wp\/v2\/pages\/1733","targetHints":{"allow":["GET"]}}],"collection":[{"href":"https:\/\/www.tclegalconsultores.com\/index.php?rest_route=\/wp\/v2\/pages"}],"about":[{"href":"https:\/\/www.tclegalconsultores.com\/index.php?rest_route=\/wp\/v2\/types\/page"}],"author":[{"embeddable":true,"href":"https:\/\/www.tclegalconsultores.com\/index.php?rest_route=\/wp\/v2\/users\/1"}],"replies":[{"embeddable":true,"href":"https:\/\/www.tclegalconsultores.com\/index.php?rest_route=%2Fwp%2Fv2%2Fcomments&post=1733"}],"version-history":[{"count":119,"href":"https:\/\/www.tclegalconsultores.com\/index.php?rest_route=\/wp\/v2\/pages\/1733\/revisions"}],"predecessor-version":[{"id":2711,"href":"https:\/\/www.tclegalconsultores.com\/index.php?rest_route=\/wp\/v2\/pages\/1733\/revisions\/2711"}],"wp:attachment":[{"href":"https:\/\/www.tclegalconsultores.com\/index.php?rest_route=%2Fwp%2Fv2%2Fmedia&parent=1733"}],"curies":[{"name":"wp","href":"https:\/\/api.w.org\/{rel}","templated":true}]}}